{"id":3,"date":"2021-10-05T23:37:05","date_gmt":"2021-10-05T23:37:05","guid":{"rendered":"http:\/\/lakshmisexshop.com\/?page_id=3"},"modified":"2021-11-04T14:01:03","modified_gmt":"2021-11-04T14:01:03","slug":"politica-privacidad","status":"publish","type":"page","link":"https:\/\/lakshmisexshop.com\/index.php\/politica-privacidad\/","title":{"rendered":"Pol\u00edtica de privacidad"},"content":{"rendered":"\n<h1 class=\"wp-block-heading\"><\/h1>\n\n\n\n<h2 class=\"wp-block-heading\">Qui\u00e9nes somos<\/h2>\n\n\n\n<p>Somos www.lakshmisexshop.com<\/p>\n\n\n\n<h2 class=\"wp-block-heading\">Comentarios<\/h2>\n\n\n\n<p>Cuando los visitantes dejan comentarios en la web, recopilamos los datos que se muestran en el formulario de comentarios, as\u00ed como la direcci\u00f3n IP del visitante y la cadena de agentes de usuario del navegador para ayudar a la detecci\u00f3n de spam.<\/p>\n\n\n\n<p>Una cadena an\u00f3nima creada a partir de tu direcci\u00f3n de correo electr\u00f3nico (tambi\u00e9n llamada hash) puede ser proporcionada al servicio de Gravatar para ver si la est\u00e1s usando. La pol\u00edtica de privacidad del servicio Gravatar est\u00e1 disponible aqu\u00ed: https:\/\/automattic.com\/privacy\/. Despu\u00e9s de la aprobaci\u00f3n de tu comentario, la imagen de tu perfil es visible para el p\u00fablico en el contexto de tu comentario.<\/p>\n\n\n\n<h2 class=\"wp-block-heading\">Medios<\/h2>\n\n\n\n<p><strong><\/strong>Si subes im\u00e1genes a la web, deber\u00edas evitar subir im\u00e1genes con datos de ubicaci\u00f3n (GPS EXIF) incluidos. Los visitantes de la web pueden descargar y extraer cualquier dato de ubicaci\u00f3n de las im\u00e1genes de la web.<\/p>\n\n\n\n<h2 class=\"wp-block-heading\">Cookies<\/h2>\n\n\n\n<p><strong><u>1. POLITICAS DE COOKIES<\/u><\/strong><\/p>\n\n\n\n<p>Si quieres saber m\u00e1s sobre el uso de cookies que realiza este sitio web&nbsp;<strong><u><a href=\"https:\/\/lakshmisexshop.com\/\"> lakshmisexshop.com<\/a><\/u><\/strong> est\u00e1s en el lugar indicado.&nbsp;&nbsp;A continuaci\u00f3n, vamos a explicarte qu\u00e9 son exactamente las cookies; qu\u00e9 tipo de cookies utilizamos y para qu\u00e9; y c\u00f3mo puedes ejercer tu derecho para configurar tu navegador y desestimar el uso de cualquiera de ellas.<\/p>\n\n\n\n<p>Eso s\u00ed, debes saber, que, si decides no utilizar algunas cookies, este sitio web puede no funcionar perfectamente, afectando a tu experiencia de usuario.<\/p>\n\n\n\n<p><strong>QU\u00c9 ES UNA COOKIE<\/strong><\/p>\n\n\n\n<p>Una cookie es un fichero que se descarga en tu ordenador al acceder a determinadas p\u00e1ginas web o blogs.<\/p>\n\n\n\n<p>Las cookies permiten a esa p\u00e1gina, entre otras cosas, almacenar y recuperar informaci\u00f3n sobre tus h\u00e1bitos de navegaci\u00f3n o de tu equipo, y dependiendo de la informaci\u00f3n que contengan y de la forma en que utilices tu equipo, pueden utilizarse para reconocerte.<\/p>\n\n\n\n<p>El navegador del usuario memoriza cookies en el disco duro solamente durante la sesi\u00f3n actual ocupando un espacio de memoria m\u00ednimo y no perjudicando al ordenador. Las cookies no contienen ninguna clase de informaci\u00f3n personal espec\u00edfica, y la mayor\u00eda de las mismas se borran del disco duro al finalizar la sesi\u00f3n de navegador (las denominadas cookies de sesi\u00f3n).<\/p>\n\n\n\n<p>La mayor\u00eda de los navegadores aceptan como est\u00e1ndar a las cookies y, con independencia de las mismas, permiten o impiden en los ajustes de seguridad las cookies temporales o memorizadas.<\/p>\n\n\n\n<p>Las cookies se asocian al navegador, no a la persona, por lo que no suelen almacenar informaci\u00f3n sensible sobre ti como tarjetas de cr\u00e9dito o datos bancarios, fotograf\u00edas o informaci\u00f3n personal, etc. Los datos que guardan son de car\u00e1cter t\u00e9cnico, estad\u00edsticos, preferencias personales, personalizaci\u00f3n de contenidos, etc.<\/p>\n\n\n\n<p><strong>TIPOS DE COOKIES<\/strong><\/p>\n\n\n\n<p>Para poder ofrecerte una mejor experiencia de usuario, obtener datos anal\u00edticos, almacenar y recuperar informaci\u00f3n sobre tus h\u00e1bitos de navegaci\u00f3n o de tu equipo y desarrollar su actividad, este sitio web&nbsp;<strong><u> <strong><u><a href=\"https:\/\/lakshmisexshop.com\/\"> lakshmisexshop.com<\/a><\/u><\/strong><\/u><\/strong> utiliza cookies propias y de terceros.<\/p>\n\n\n\n<p><strong>\u00bfQu\u00e9 tipos de cookies utiliza este sitio web?<\/strong><\/p>\n\n\n\n<ul><li><strong>Cookies t\u00e9cnicas:<\/strong>&nbsp;Son aquellas que permiten al usuario la navegaci\u00f3n a trav\u00e9s de una p\u00e1gina web, plataforma o aplicaci\u00f3n y la utilizaci\u00f3n de las diferentes opciones o servicios que en ella existan como, por ejemplo, controlar el tr\u00e1fico y la comunicaci\u00f3n de datos, identificar la sesi\u00f3n, acceder a partes de acceso restringido, recordar los elementos que integran un pedido, realizar el proceso de compra de un pedido, realizar la solicitud de inscripci\u00f3n o participaci\u00f3n en un evento, utilizar elementos de seguridad durante la navegaci\u00f3n, almacenar contenidos para la difusi\u00f3n de videos o sonido o compartir contenidos a trav\u00e9s de redes sociales.<\/li><li><strong>Cookies de personalizaci\u00f3n:<\/strong>&nbsp;Son aquellas que permiten al usuario acceder al servicio con algunas caracter\u00edsticas de car\u00e1cter general predefinidas en funci\u00f3n de una serie de criterios en el terminal del usuario como por ejemplo serian el idioma, el tipo de navegador a trav\u00e9s del cual accede al servicio, la configuraci\u00f3n regional desde donde accede al servicio, etc.<\/li><li><strong>Cookies de an\u00e1lisis:&nbsp;<\/strong>Son aquellas que bien tratadas por nosotros o por terceros, nos permiten cuantificar el n\u00famero de usuarios y as\u00ed realizar la medici\u00f3n y an\u00e1lisis estad\u00edstico de la utilizaci\u00f3n que hacen los usuarios del servicio ofertado. Para ello se analiza tu navegaci\u00f3n en nuestra p\u00e1gina web con el fin de mejorar la oferta de productos o servicios que le ofrecemos.<\/li><li><strong>Cookies publicitarias:<\/strong>&nbsp;Son aquellas que, bien tratadas por nosotros o por terceros, nos permiten gestionar de la forma m\u00e1s eficaz posible la oferta de los espacios publicitarios que hay en la p\u00e1gina web, adecuando el contenido del anuncio al contenido del servicio solicitado o al uso que realice de nuestra p\u00e1gina web. Para ello podemos analizar tus h\u00e1bitos de navegaci\u00f3n en Internet y podemos mostrarte publicidad relacionada con tu perfil de navegaci\u00f3n.<\/li><li><strong>Cookies de publicidad comportamental:<\/strong>&nbsp;Son aquellas que permiten la gesti\u00f3n, de la forma m\u00e1s eficaz posible, de los espacios publicitarios que, en su caso, el editor haya incluido en una p\u00e1gina web, aplicaci\u00f3n o plataforma desde la que presta el servicio solicitado. Estas cookies almacenan informaci\u00f3n del comportamiento de los usuarios obtenida a trav\u00e9s de la observaci\u00f3n continuada de sus h\u00e1bitos de navegaci\u00f3n, lo que permite desarrollar un perfil espec\u00edfico para mostrar publicidad en funci\u00f3n del mismo.<\/li><li><strong>Cookies de terceros:<\/strong>&nbsp;Esta web&nbsp;<strong><u><strong><a href=\"https:\/\/lakshmisexshop.com\/\">lakshmisexshop.com<\/a><\/strong><\/u><\/strong> puede utilizar servicios de terceros que, por cuenta de Google, recopilar\u00e1n informaci\u00f3n con fines estad\u00edsticos, de uso del sitio por parte del usuario y para la prestaci\u00f3n de otros servicios relacionados con la actividad del sitio web y otros servicios de Internet.<\/li><\/ul>\n\n\n\n<p>En particular, este sitio web utiliza Google Analytics, un servicio anal\u00edtico de web prestado por Google, Inc. con domicilio en los Estados Unidos con sede central en 1600 Amphitheatre Parkway, Mountain View, California 94043. Para la prestaci\u00f3n de estos servicios, Google utiliza cookies que recopilan la informaci\u00f3n, incluida la direcci\u00f3n IP del usuario, que ser\u00e1 transmitida, tratada y almacenada por Google en los t\u00e9rminos fijados en la web Google.com. Esto incluye la posible transmisi\u00f3n de dicha informaci\u00f3n a terceros por razones de exigencia legal o cuando dichos terceros procesen la informaci\u00f3n por cuenta de Google.<\/p>\n\n\n\n<p><strong>GESTIONAR Y RECHAZAR EL USO DE COOKIES<\/strong><\/p>\n\n\n\n<p>En cualquier momento, puedes adaptar la configuraci\u00f3n del navegador para gestionar, desestimar el uso de cookies y ser notificado antes de que se descarguen.<\/p>\n\n\n\n<p>Tambi\u00e9n puedes adaptar la configuraci\u00f3n de forma que el navegador rechace todas las cookies, o \u00fanicamente las cookies de terceros. Y tambi\u00e9n puedes eliminar cualquiera de las cookies que ya se encuentren en tu equipo.<\/p>\n\n\n\n<p>Para esto, debes tener en cuenta que tendr\u00e1s que adaptar por separado la configuraci\u00f3n de cada navegador y equipo que utilices ya que, como te hemos comentado anteriormente las cookies se asocian al navegador, no a la persona.<\/p>\n\n\n\n<p><strong>Google Chrome<\/strong>&nbsp;<a href=\"https:\/\/draft.blogger.com\/blog\/post\/edit\/671365481139184355\/8633702352289170790\">https:\/\/support.google.com\/chrome\/answer\/95647?hl=es-419<\/a><\/p>\n\n\n\n<p><strong>Internet Explorer<\/strong>&nbsp;<a href=\"https:\/\/draft.blogger.com\/blog\/post\/edit\/671365481139184355\/8633702352289170790\">https:\/\/support.microsoft.com\/es-es\/help\/17442\/windows-internet-explorer-delete-manage-cookies#ie=ie-10<\/a><\/p>\n\n\n\n<p><strong>Mozilla Firefox<\/strong>&nbsp;<a href=\"https:\/\/draft.blogger.com\/blog\/post\/edit\/671365481139184355\/8633702352289170790\">https:\/\/support.mozilla.org\/es\/kb\/habilitar-y-deshabilitar-cookies-sitios-web-rastrear-preferencias?redirectlocale=es&amp;redirectslug=habilitar-y-deshabilitar-cookies-que-los-sitios-we<\/a><\/p>\n\n\n\n<p><strong>Apple Safari<\/strong>&nbsp;<a href=\"https:\/\/draft.blogger.com\/blog\/post\/edit\/671365481139184355\/8633702352289170790\">https:\/\/support.apple.com\/es-es\/HT201265<\/a><\/p>\n\n\n\n<p><strong><u>2. POLITICAS DE PRIVACIDAD<\/u><\/strong><\/p>\n\n\n\n<p>La presente Pol\u00edtica de Privacidad establece los t\u00e9rminos en que&nbsp;<strong><u><strong><a href=\"https:\/\/lakshmisexshop.com\/\">lakshmisexshop.com<\/a><\/strong><\/u><\/strong> usa y protege la informaci\u00f3n que es proporcionada por sus usuarios al momento de utilizar su sitio web. Esta compa\u00f1\u00eda est\u00e1 comprometida con la seguridad de los datos de sus usuarios. Cuando le pedimos llenar los campos de informaci\u00f3n personal con la cual usted pueda ser identificado, lo hacemos asegurando que s\u00f3lo se emplear\u00e1 de acuerdo con los t\u00e9rminos de este documento. Sin embargo, esta Pol\u00edtica de Privacidad puede cambiar con el tiempo o ser actualizada por lo que le recomendamos y enfatizamos revisar continuamente esta p\u00e1gina para asegurarse que est\u00e1 de acuerdo con dichos cambios.<\/p>\n\n\n\n<p><strong>Informaci\u00f3n que es recogida<\/strong><\/p>\n\n\n\n<p>Nuestro sitio web podr\u00e1 recoger informaci\u00f3n personal, por ejemplo: Nombre, informaci\u00f3n de contacto como su direcci\u00f3n de correo electr\u00f3nica e informaci\u00f3n demogr\u00e1fica. As\u00ed mismo cuando sea necesario podr\u00e1 ser requerida informaci\u00f3n espec\u00edfica para procesar alg\u00fan pedido o realizar una entrega o facturaci\u00f3n.<\/p>\n\n\n\n<p><strong>Uso de la informaci\u00f3n recogida<\/strong><\/p>\n\n\n\n<p>Nuestro sitio web emplea la informaci\u00f3n con el fin de proporcionar el mejor servicio posible, particularmente para mantener un registro de usuarios, de pedidos en caso que aplique, y mejorar nuestros productos y servicios.&nbsp;&nbsp;Es posible que sean enviados correos electr\u00f3nicos peri\u00f3dicamente a trav\u00e9s de nuestro sitio con ofertas especiales, nuevos productos y otra informaci\u00f3n publicitaria que consideremos relevante para usted o que pueda brindarle alg\u00fan beneficio, estos correos electr\u00f3nicos ser\u00e1n enviados a la direcci\u00f3n que usted proporcione y podr\u00e1n ser cancelados en cualquier momento.<\/p>\n\n\n\n<p>&nbsp;<strong><u><strong><a href=\"https:\/\/lakshmisexshop.com\/\">lakshmisexshop.com<\/a><\/strong><\/u><\/strong> est\u00e1 altamente comprometido para cumplir con el compromiso de mantener su informaci\u00f3n segura. Usamos los sistemas m\u00e1s avanzados y los actualizamos constantemente para asegurarnos que no exista ning\u00fan acceso no autorizado.<\/p>\n\n\n\n<p><a href=\"https:\/\/draft.blogger.com\/blog\/post\/edit\/671365481139184355\/8633702352289170790\"><strong>Cookies<\/strong><\/a><\/p>\n\n\n\n<p>Una cookie se refiere a un fichero que es enviado con la finalidad de solicitar permiso para almacenarse en su ordenador, al aceptar dicho fichero se crea y la cookie sirve entonces para tener informaci\u00f3n respecto al tr\u00e1fico web, y tambi\u00e9n facilita las futuras visitas a una web recurrente. Otra funci\u00f3n que tienen las cookies es que con ellas las webs pueden reconocerte individualmente y por tanto brindarte el mejor servicio personalizado de su web.<\/p>\n\n\n\n<p>Nuestro sitio web emplea las cookies para poder identificar las p\u00e1ginas que son visitadas y su frecuencia. Esta informaci\u00f3n es empleada \u00fanicamente para an\u00e1lisis estad\u00edstico y despu\u00e9s la informaci\u00f3n se elimina de forma permanente. Usted puede eliminar las cookies en cualquier momento desde su ordenador. Sin embargo las cookies ayudan a proporcionar un mejor servicio de los sitios web, est\u00e1s no dan acceso a informaci\u00f3n de su ordenador ni de usted, a menos de que usted as\u00ed lo quiera y la proporcione directamente, visitas a una web . Usted puede aceptar o negar el uso de cookies, sin embargo, la mayor\u00eda de navegadores aceptan cookies autom\u00e1ticamente pues sirve para tener un mejor servicio web. Tambi\u00e9n usted puede cambiar la configuraci\u00f3n de su ordenador para declinar las cookies. Si se declinan es posible que no pueda utilizar algunos de nuestros servicios.<\/p>\n\n\n\n<p><strong>Enlaces a Terceros<\/strong><\/p>\n\n\n\n<p>Este sitio web pudiera contener enlaces a otros sitios que pudieran ser de su inter\u00e9s. Una vez que usted d\u00e9 clic en estos enlaces y abandone nuestra p\u00e1gina, ya no tenemos control sobre al sitio al que es redirigido y por lo tanto no somos responsables de los t\u00e9rminos o privacidad ni de la protecci\u00f3n de sus datos en esos otros sitios terceros. Dichos sitios est\u00e1n sujetos a sus propias pol\u00edticas de privacidad por lo cual es recomendable que los consulte para confirmar que usted est\u00e1 de acuerdo con estas.<\/p>\n\n\n\n<p><strong>Control de su informaci\u00f3n personal<\/strong><\/p>\n\n\n\n<p>En cualquier momento usted puede restringir la recopilaci\u00f3n o el uso de la informaci\u00f3n personal que es proporcionada a nuestro sitio web.&nbsp;&nbsp;Cada vez que se le solicite rellenar un formulario, como el de alta de usuario, puede marcar o desmarcar la opci\u00f3n de recibir informaci\u00f3n por correo electr\u00f3nico.&nbsp;&nbsp;En caso de que haya marcado la opci\u00f3n de recibir nuestro bolet\u00edn o publicidad usted puede cancelarla en cualquier momento.<\/p>\n\n\n\n<p>Esta p\u00e1gina no vender\u00e1, ceder\u00e1 ni distribuir\u00e1 la informaci\u00f3n personal que es recopilada sin su consentimiento, salvo que sea requerido por un juez con un orden judicial.<\/p>\n\n\n\n<p><strong><u><strong><a href=\"https:\/\/lakshmisexshop.com\/\">lakshmisexshop.com<\/a><\/strong><\/u><\/strong> Se reserva el derecho de cambiar los t\u00e9rminos de la presente Pol\u00edtica de Privacidad en cualquier momento.<\/p>\n","protected":false},"excerpt":{"rendered":"<p>Qui\u00e9nes somos Somos www.lakshmisexshop.com Comentarios Cuando los visitantes dejan comentarios en la web, recopilamos los datos que se muestran en el formulario de comentarios, as\u00ed como la direcci\u00f3n IP del visitante y la cadena de agentes de usuario del navegador para ayudar a la detecci\u00f3n de spam. Una cadena an\u00f3nima creada a partir de tu [&hellip;]<\/p>\n","protected":false},"author":1,"featured_media":0,"parent":0,"menu_order":0,"comment_status":"closed","ping_status":"open","template":"","meta":{"om_disable_all_campaigns":false,"_monsterinsights_skip_tracking":false,"_monsterinsights_sitenote_active":false,"_monsterinsights_sitenote_note":"","_monsterinsights_sitenote_category":0,"footnotes":""},"aioseo_notices":[],"jetpack_sharing_enabled":true,"_links":{"self":[{"href":"https:\/\/lakshmisexshop.com\/index.php\/wp-json\/wp\/v2\/pages\/3"}],"collection":[{"href":"https:\/\/lakshmisexshop.com\/index.php\/wp-json\/wp\/v2\/pages"}],"about":[{"href":"https:\/\/lakshmisexshop.com\/index.php\/wp-json\/wp\/v2\/types\/page"}],"author":[{"embeddable":true,"href":"https:\/\/lakshmisexshop.com\/index.php\/wp-json\/wp\/v2\/users\/1"}],"replies":[{"embeddable":true,"href":"https:\/\/lakshmisexshop.com\/index.php\/wp-json\/wp\/v2\/comments?post=3"}],"version-history":[{"count":5,"href":"https:\/\/lakshmisexshop.com\/index.php\/wp-json\/wp\/v2\/pages\/3\/revisions"}],"predecessor-version":[{"id":469,"href":"https:\/\/lakshmisexshop.com\/index.php\/wp-json\/wp\/v2\/pages\/3\/revisions\/469"}],"wp:attachment":[{"href":"https:\/\/lakshmisexshop.com\/index.php\/wp-json\/wp\/v2\/media?parent=3"}],"curies":[{"name":"wp","href":"https:\/\/api.w.org\/{rel}","templated":true}]}}